{"id":257,"date":"2024-09-26T16:16:52","date_gmt":"2024-09-26T14:16:52","guid":{"rendered":"https:\/\/europeaninstituterch.com\/?page_id=257"},"modified":"2025-01-22T12:54:23","modified_gmt":"2025-01-22T11:54:23","slug":"our-values","status":"publish","type":"page","link":"https:\/\/europeaninstituterch.com\/fr\/our-values\/","title":{"rendered":"Nos valeurs"},"content":{"rendered":"<div data-elementor-type=\"wp-page\" data-elementor-id=\"257\" class=\"elementor elementor-257\">\n\t\t\t\t<div class=\"elementor-element elementor-element-64b8f82 e-con-full e-flex e-con e-parent\" data-id=\"64b8f82\" data-element_type=\"container\" data-e-type=\"container\" data-settings=\"{&quot;background_background&quot;:&quot;classic&quot;}\">\n\t\t<div class=\"elementor-element elementor-element-50e67c0 e-flex e-con-boxed e-con e-child\" data-id=\"50e67c0\" data-element_type=\"container\" data-e-type=\"container\" data-settings=\"{&quot;background_background&quot;:&quot;video&quot;}\">\n\t\t\t\t\t<div class=\"e-con-inner\">\n\t\t\t\t<div class=\"elementor-element elementor-element-8f61775 elementor-widget elementor-widget-heading\" data-id=\"8f61775\" data-element_type=\"widget\" data-e-type=\"widget\" data-settings=\"{&quot;htmega_fe&quot;:&quot;no&quot;}\" data-widget_type=\"heading.default\">\n\t\t\t\t<div class=\"elementor-widget-container\">\n\t\t\t\t\t<h1 class=\"elementor-heading-title elementor-size-default\">Nos valeurs<\/h1>\t\t\t\t<\/div>\n\t\t\t\t<\/div>\n\t\t\t\t<div class=\"elementor-element elementor-element-ebdc074 elementor-widget-divider--view-line elementor-widget elementor-widget-divider\" data-id=\"ebdc074\" data-element_type=\"widget\" data-e-type=\"widget\" data-settings=\"{&quot;htmega_fe&quot;:&quot;no&quot;}\" data-widget_type=\"divider.default\">\n\t\t\t\t<div class=\"elementor-widget-container\">\n\t\t\t\t\t\t\t<div class=\"elementor-divider\">\n\t\t\t<span class=\"elementor-divider-separator\">\n\t\t\t\t\t\t<\/span>\n\t\t<\/div>\n\t\t\t\t\t\t<\/div>\n\t\t\t\t<\/div>\n\t\t\t\t\t<\/div>\n\t\t\t\t<\/div>\n\t\t\t\t<\/div>\n\t\t<div class=\"elementor-element elementor-element-0c1d2ac e-flex e-con-boxed e-con e-parent\" data-id=\"0c1d2ac\" data-element_type=\"container\" data-e-type=\"container\">\n\t\t\t\t\t<div class=\"e-con-inner\">\n\t\t\t\t<div class=\"elementor-element elementor-element-3dac9d6 elementor-widget elementor-widget-heading\" data-id=\"3dac9d6\" data-element_type=\"widget\" data-e-type=\"widget\" data-settings=\"{&quot;htmega_fe&quot;:&quot;no&quot;}\" data-widget_type=\"heading.default\">\n\t\t\t\t<div class=\"elementor-widget-container\">\n\t\t\t\t\t<h2 class=\"elementor-heading-title elementor-size-default\">La base de tout : notre essence.<\/h2>\t\t\t\t<\/div>\n\t\t\t\t<\/div>\n\t\t\t\t<div class=\"elementor-element elementor-element-c71030c elementor-widget-divider--view-line elementor-widget elementor-widget-divider\" data-id=\"c71030c\" data-element_type=\"widget\" data-e-type=\"widget\" data-settings=\"{&quot;htmega_fe&quot;:&quot;no&quot;}\" data-widget_type=\"divider.default\">\n\t\t\t\t<div class=\"elementor-widget-container\">\n\t\t\t\t\t\t\t<div class=\"elementor-divider\">\n\t\t\t<span class=\"elementor-divider-separator\">\n\t\t\t\t\t\t<\/span>\n\t\t<\/div>\n\t\t\t\t\t\t<\/div>\n\t\t\t\t<\/div>\n\t\t\t\t\t<\/div>\n\t\t\t\t<\/div>\n\t\t<div class=\"elementor-element elementor-element-fbc6a14 e-flex e-con-boxed e-con e-parent\" data-id=\"fbc6a14\" data-element_type=\"container\" data-e-type=\"container\">\n\t\t\t\t\t<div class=\"e-con-inner\">\n\t\t\t\t<div class=\"elementor-element elementor-element-0935598 e-n-tabs-mobile elementor-widget elementor-widget-n-tabs\" data-id=\"0935598\" data-element_type=\"widget\" data-e-type=\"widget\" data-settings=\"{&quot;tabs_justify_horizontal&quot;:&quot;start&quot;,&quot;horizontal_scroll&quot;:&quot;disable&quot;,&quot;htmega_fe&quot;:&quot;no&quot;}\" data-widget_type=\"nested-tabs.default\">\n\t\t\t\t<div class=\"elementor-widget-container\">\n\t\t\t\t\t\t\t<div class=\"e-n-tabs\" data-widget-number=\"9655704\" aria-label=\"Onglets. Ouvrez des \u00e9l\u00e9ments avec Entrer ou Espace, fermez-les avec Echape et naviguez \u00e0 l&#039;aide des touches fl\u00e9ch\u00e9es.\" data-no-translation-aria-label=\"\">\n\t\t\t<div class=\"e-n-tabs-heading\" role=\"tablist\">\n\t\t\t\t\t<button id=\"e-n-tab-title-96557041\" data-tab-title-id=\"e-n-tab-title-96557041\" class=\"e-n-tab-title\" aria-selected=\"true\" data-tab-index=\"1\" role=\"tab\" tabindex=\"0\" aria-controls=\"e-n-tab-content-96557041\" style=\"--n-tabs-title-order: 1;\">\n\t\t\t\t\t\t<span class=\"e-n-tab-title-text\">\n\t\t\t\tRespect\t\t\t<\/span>\n\t\t<\/button>\n\t\t\t\t<button id=\"e-n-tab-title-96557042\" data-tab-title-id=\"e-n-tab-title-96557042\" class=\"e-n-tab-title\" aria-selected=\"false\" data-tab-index=\"2\" role=\"tab\" tabindex=\"-1\" aria-controls=\"e-n-tab-content-96557042\" style=\"--n-tabs-title-order: 2;\">\n\t\t\t\t\t\t<span class=\"e-n-tab-title-text\">\n\t\t\t\tInclusion\t\t\t<\/span>\n\t\t<\/button>\n\t\t\t\t<button id=\"e-n-tab-title-96557043\" data-tab-title-id=\"e-n-tab-title-96557043\" class=\"e-n-tab-title\" aria-selected=\"false\" data-tab-index=\"3\" role=\"tab\" tabindex=\"-1\" aria-controls=\"e-n-tab-content-96557043\" style=\"--n-tabs-title-order: 3;\">\n\t\t\t\t\t\t<span class=\"e-n-tab-title-text\">\n\t\t\t\tDialogue\t\t\t<\/span>\n\t\t<\/button>\n\t\t\t\t<button id=\"e-n-tab-title-96557044\" data-tab-title-id=\"e-n-tab-title-96557044\" class=\"e-n-tab-title\" aria-selected=\"false\" data-tab-index=\"4\" role=\"tab\" tabindex=\"-1\" aria-controls=\"e-n-tab-content-96557044\" style=\"--n-tabs-title-order: 4;\">\n\t\t\t\t\t\t<span class=\"e-n-tab-title-text\">\n\t\t\t\tLa paix\t\t\t<\/span>\n\t\t<\/button>\n\t\t\t\t<button id=\"e-n-tab-title-96557045\" data-tab-title-id=\"e-n-tab-title-96557045\" class=\"e-n-tab-title\" aria-selected=\"false\" data-tab-index=\"5\" role=\"tab\" tabindex=\"-1\" aria-controls=\"e-n-tab-content-96557045\" style=\"--n-tabs-title-order: 5;\">\n\t\t\t\t\t\t<span class=\"e-n-tab-title-text\">\n\t\t\t\tEngagement communautaire\t\t\t<\/span>\n\t\t<\/button>\n\t\t\t\t<button id=\"e-n-tab-title-96557046\" data-tab-title-id=\"e-n-tab-title-96557046\" class=\"e-n-tab-title\" aria-selected=\"false\" data-tab-index=\"6\" role=\"tab\" tabindex=\"-1\" aria-controls=\"e-n-tab-content-96557046\" style=\"--n-tabs-title-order: 6;\">\n\t\t\t\t\t\t<span class=\"e-n-tab-title-text\">\n\t\t\t\tInnovation et cr\u00e9ativit\u00e9\t\t\t<\/span>\n\t\t<\/button>\n\t\t\t\t<button id=\"e-n-tab-title-96557047\" data-tab-title-id=\"e-n-tab-title-96557047\" class=\"e-n-tab-title\" aria-selected=\"false\" data-tab-index=\"7\" role=\"tab\" tabindex=\"-1\" aria-controls=\"e-n-tab-content-96557047\" style=\"--n-tabs-title-order: 7;\">\n\t\t\t\t\t\t<span class=\"e-n-tab-title-text\">\n\t\t\t\tTransparence et responsabilit\u00e9\t\t\t<\/span>\n\t\t<\/button>\n\t\t\t\t\t<\/div>\n\t\t\t<div class=\"e-n-tabs-content\">\n\t\t\t\t<div id=\"e-n-tab-content-96557041\" role=\"tabpanel\" aria-labelledby=\"e-n-tab-title-96557041\" data-tab-index=\"1\" style=\"--n-tabs-title-order: 1;\" class=\"e-active elementor-element elementor-element-75661b0 e-con-full e-flex e-con e-child\" data-id=\"75661b0\" data-element_type=\"container\" data-e-type=\"container\">\n\t\t\t\t<div class=\"elementor-element elementor-element-b6b8e45 elementor-widget elementor-widget-text-editor\" data-id=\"b6b8e45\" data-element_type=\"widget\" data-e-type=\"widget\" data-settings=\"{&quot;htmega_fe&quot;:&quot;no&quot;}\" data-widget_type=\"text-editor.default\">\n\t\t\t\t<div class=\"elementor-widget-container\">\n\t\t\t\t\t\t\t\t\t<p><strong>Nous valorisons et respectons toutes les traditions religieuses et culturelles, en promouvant l'\u00e9galit\u00e9 et la dignit\u00e9 de toutes les personnes.<\/strong><\/p>\t\t\t\t\t\t\t\t<\/div>\n\t\t\t\t<\/div>\n\t\t\t\t<div class=\"elementor-element elementor-element-6e7a702 elementor-widget elementor-widget-text-editor\" data-id=\"6e7a702\" data-element_type=\"widget\" data-e-type=\"widget\" data-settings=\"{&quot;htmega_fe&quot;:&quot;no&quot;}\" data-widget_type=\"text-editor.default\">\n\t\t\t\t<div class=\"elementor-widget-container\">\n\t\t\t\t\t\t\t\t\t<p>Nous pensons que chaque individu, quelles que soient ses origines ou ses croyances, m\u00e9rite d'\u00eatre trait\u00e9 avec respect et dignit\u00e9. Nous nous effor\u00e7ons de cr\u00e9er un environnement o\u00f9 toutes les voix peuvent \u00eatre entendues et valoris\u00e9es, et o\u00f9 les diff\u00e9rences sont consid\u00e9r\u00e9es comme une source d'enrichissement mutuel.<\/p>\t\t\t\t\t\t\t\t<\/div>\n\t\t\t\t<\/div>\n\t\t\t\t<\/div>\n\t\t<div id=\"e-n-tab-content-96557042\" role=\"tabpanel\" aria-labelledby=\"e-n-tab-title-96557042\" data-tab-index=\"2\" style=\"--n-tabs-title-order: 2;\" class=\"elementor-element elementor-element-884e112 e-con-full e-flex e-con e-child\" data-id=\"884e112\" data-element_type=\"container\" data-e-type=\"container\">\n\t\t\t\t<div class=\"elementor-element elementor-element-657bda9 elementor-widget elementor-widget-text-editor\" data-id=\"657bda9\" data-element_type=\"widget\" data-e-type=\"widget\" data-settings=\"{&quot;htmega_fe&quot;:&quot;no&quot;}\" data-widget_type=\"text-editor.default\">\n\t\t\t\t<div class=\"elementor-widget-container\">\n\t\t\t\t\t\t\t\t\t<p><strong>Nous travaillons \u00e0 la cr\u00e9ation d'une soci\u00e9t\u00e9 inclusive o\u00f9 toutes les communaut\u00e9s peuvent participer pleinement et \u00eatre reconnues pour leurs contributions.<\/strong><\/p>\t\t\t\t\t\t\t\t<\/div>\n\t\t\t\t<\/div>\n\t\t\t\t<div class=\"elementor-element elementor-element-376e65a elementor-widget elementor-widget-text-editor\" data-id=\"376e65a\" data-element_type=\"widget\" data-e-type=\"widget\" data-settings=\"{&quot;htmega_fe&quot;:&quot;no&quot;}\" data-widget_type=\"text-editor.default\">\n\t\t\t\t<div class=\"elementor-widget-container\">\n\t\t\t\t\t\t\t\t\t<p>L'inclusion est un pilier fondamental de nos activit\u00e9s, et nous cherchons \u00e0 \u00e9liminer les obstacles qui emp\u00eachent la pleine participation de tout groupe. Nous promouvons des politiques et des pratiques qui garantissent que toutes les personnes, ind\u00e9pendamment de leur religion ou de leur culture, ont des chances \u00e9gales de contribuer \u00e0 notre soci\u00e9t\u00e9 et de s'y \u00e9panouir.<\/p>\t\t\t\t\t\t\t\t<\/div>\n\t\t\t\t<\/div>\n\t\t\t\t<\/div>\n\t\t<div id=\"e-n-tab-content-96557043\" role=\"tabpanel\" aria-labelledby=\"e-n-tab-title-96557043\" data-tab-index=\"3\" style=\"--n-tabs-title-order: 3;\" class=\"elementor-element elementor-element-5232a1d e-con-full e-flex e-con e-child\" data-id=\"5232a1d\" data-element_type=\"container\" data-e-type=\"container\">\n\t\t\t\t<div class=\"elementor-element elementor-element-f0e7ee9 elementor-widget elementor-widget-text-editor\" data-id=\"f0e7ee9\" data-element_type=\"widget\" data-e-type=\"widget\" data-settings=\"{&quot;htmega_fe&quot;:&quot;no&quot;}\" data-widget_type=\"text-editor.default\">\n\t\t\t\t<div class=\"elementor-widget-container\">\n\t\t\t\t\t\t\t\t\t<p><strong>Nous croyons au pouvoir du dialogue pour r\u00e9soudre les conflits, construire des ponts et renforcer les relations entre les diff\u00e9rents groupes.<\/strong><\/p>\t\t\t\t\t\t\t\t<\/div>\n\t\t\t\t<\/div>\n\t\t\t\t<div class=\"elementor-element elementor-element-f8da2f3 elementor-widget elementor-widget-text-editor\" data-id=\"f8da2f3\" data-element_type=\"widget\" data-e-type=\"widget\" data-settings=\"{&quot;htmega_fe&quot;:&quot;no&quot;}\" data-widget_type=\"text-editor.default\">\n\t\t\t\t<div class=\"elementor-widget-container\">\n\t\t\t\t\t\t\t\t\t<p>Le dialogue est un outil essentiel pour la compr\u00e9hension mutuelle et la coop\u00e9ration. Gr\u00e2ce \u00e0 nos initiatives, nous facilitons les conversations ouvertes et honn\u00eates qui permettent aux gens de partager leurs points de vue, de trouver un terrain d'entente et de travailler ensemble \u00e0 des solutions communes. Nous favorisons un environnement o\u00f9 le dialogue constructif est valoris\u00e9 et encourag\u00e9.<\/p>\t\t\t\t\t\t\t\t<\/div>\n\t\t\t\t<\/div>\n\t\t\t\t<\/div>\n\t\t<div id=\"e-n-tab-content-96557044\" role=\"tabpanel\" aria-labelledby=\"e-n-tab-title-96557044\" data-tab-index=\"4\" style=\"--n-tabs-title-order: 4;\" class=\"elementor-element elementor-element-7fd6a7a e-con-full e-flex e-con e-child\" data-id=\"7fd6a7a\" data-element_type=\"container\" data-e-type=\"container\">\n\t\t\t\t<div class=\"elementor-element elementor-element-9653f4d elementor-widget elementor-widget-text-editor\" data-id=\"9653f4d\" data-element_type=\"widget\" data-e-type=\"widget\" data-settings=\"{&quot;htmega_fe&quot;:&quot;no&quot;}\" data-widget_type=\"text-editor.default\">\n\t\t\t\t<div class=\"elementor-widget-container\">\n\t\t\t\t\t\t\t\t\t<p><strong>Nous nous effor\u00e7ons de promouvoir la paix et la coexistence pacifique \u00e0 travers nos activit\u00e9s et nos programmes.<\/strong><\/p>\t\t\t\t\t\t\t\t<\/div>\n\t\t\t\t<\/div>\n\t\t\t\t<div class=\"elementor-element elementor-element-99c5383 elementor-widget elementor-widget-text-editor\" data-id=\"99c5383\" data-element_type=\"widget\" data-e-type=\"widget\" data-settings=\"{&quot;htmega_fe&quot;:&quot;no&quot;}\" data-widget_type=\"text-editor.default\">\n\t\t\t\t<div class=\"elementor-widget-container\">\n\t\t\t\t\t\t\t\t\t<p>La paix n'est pas seulement l'absence de conflit, mais aussi la pr\u00e9sence de la justice, de l'\u00e9galit\u00e9 et du respect mutuel. Nous nous effor\u00e7ons de cr\u00e9er des communaut\u00e9s o\u00f9 la paix est une r\u00e9alit\u00e9 quotidienne en nous attaquant aux causes sous-jacentes des conflits et en promouvant des pratiques qui favorisent l'harmonie et la collaboration. Nos programmes sont con\u00e7us pour enseigner et cultiver des comp\u00e9tences en mati\u00e8re de r\u00e9solution pacifique des conflits et pour c\u00e9l\u00e9brer la diversit\u00e9 comme une force au service du bien commun.<\/p>\t\t\t\t\t\t\t\t<\/div>\n\t\t\t\t<\/div>\n\t\t\t\t<\/div>\n\t\t<div id=\"e-n-tab-content-96557045\" role=\"tabpanel\" aria-labelledby=\"e-n-tab-title-96557045\" data-tab-index=\"5\" style=\"--n-tabs-title-order: 5;\" class=\"elementor-element elementor-element-aec1aa9 e-con-full e-flex e-con e-child\" data-id=\"aec1aa9\" data-element_type=\"container\" data-e-type=\"container\">\n\t\t\t\t<div class=\"elementor-element elementor-element-9a823b8 elementor-widget elementor-widget-text-editor\" data-id=\"9a823b8\" data-element_type=\"widget\" data-e-type=\"widget\" data-settings=\"{&quot;htmega_fe&quot;:&quot;no&quot;}\" data-widget_type=\"text-editor.default\">\n\t\t\t\t<div class=\"elementor-widget-container\">\n\t\t\t\t\t\t\t\t\t<p><strong>Chez EIRCH, notre engagement envers la communaut\u00e9 est au c\u0153ur de tout ce que nous faisons.<\/strong><\/p>\t\t\t\t\t\t\t\t<\/div>\n\t\t\t\t<\/div>\n\t\t\t\t<div class=\"elementor-element elementor-element-2ad0483 elementor-widget elementor-widget-text-editor\" data-id=\"2ad0483\" data-element_type=\"widget\" data-e-type=\"widget\" data-settings=\"{&quot;htmega_fe&quot;:&quot;no&quot;}\" data-widget_type=\"text-editor.default\">\n\t\t\t\t<div class=\"elementor-widget-container\">\n\t\t\t\t\t\t\t\t\t<p>Nous sommes d\u00e9termin\u00e9s \u00e0 travailler main dans la main avec les communaut\u00e9s locales afin d'identifier leurs besoins et de d\u00e9velopper des programmes qui font une r\u00e9elle diff\u00e9rence. Nous sommes convaincus qu'un changement durable passe par l'autonomisation des personnes et des communaut\u00e9s afin qu'elles prennent en main leur propre avenir.<\/p>\t\t\t\t\t\t\t\t<\/div>\n\t\t\t\t<\/div>\n\t\t\t\t<\/div>\n\t\t<div id=\"e-n-tab-content-96557046\" role=\"tabpanel\" aria-labelledby=\"e-n-tab-title-96557046\" data-tab-index=\"6\" style=\"--n-tabs-title-order: 6;\" class=\"elementor-element elementor-element-d565c4a e-con-full e-flex e-con e-child\" data-id=\"d565c4a\" data-element_type=\"container\" data-e-type=\"container\">\n\t\t\t\t<div class=\"elementor-element elementor-element-fb40ade elementor-widget elementor-widget-text-editor\" data-id=\"fb40ade\" data-element_type=\"widget\" data-e-type=\"widget\" data-settings=\"{&quot;htmega_fe&quot;:&quot;no&quot;}\" data-widget_type=\"text-editor.default\">\n\t\t\t\t<div class=\"elementor-widget-container\">\n\t\t\t\t\t\t\t\t\t<p><strong>Nous encourageons l'innovation et la cr\u00e9ativit\u00e9 dans toutes nos activit\u00e9s.<\/strong><\/p>\t\t\t\t\t\t\t\t<\/div>\n\t\t\t\t<\/div>\n\t\t\t\t<div class=\"elementor-element elementor-element-48ae736 elementor-widget elementor-widget-text-editor\" data-id=\"48ae736\" data-element_type=\"widget\" data-e-type=\"widget\" data-settings=\"{&quot;htmega_fe&quot;:&quot;no&quot;}\" data-widget_type=\"text-editor.default\">\n\t\t\t\t<div class=\"elementor-widget-container\">\n\t\t\t\t\t\t\t\t\t<p>Nous sommes constamment \u00e0 la recherche de nouvelles fa\u00e7ons de relever les d\u00e9fis de la coexistence religieuse et culturelle, et nous sommes ouverts \u00e0 l'exploration d'approches novatrices susceptibles d'avoir un impact positif. Nous pensons que la cr\u00e9ativit\u00e9 est essentielle pour trouver des solutions efficaces et durables aux probl\u00e8mes complexes auxquels nous sommes confront\u00e9s.<\/p>\t\t\t\t\t\t\t\t<\/div>\n\t\t\t\t<\/div>\n\t\t\t\t<\/div>\n\t\t<div id=\"e-n-tab-content-96557047\" role=\"tabpanel\" aria-labelledby=\"e-n-tab-title-96557047\" data-tab-index=\"7\" style=\"--n-tabs-title-order: 7;\" class=\"elementor-element elementor-element-5e9e5d8 e-flex e-con-boxed e-con e-child\" data-id=\"5e9e5d8\" data-element_type=\"container\" data-e-type=\"container\">\n\t\t\t\t\t<div class=\"e-con-inner\">\n\t\t\t\t<div class=\"elementor-element elementor-element-d40ff97 elementor-widget elementor-widget-text-editor\" data-id=\"d40ff97\" data-element_type=\"widget\" data-e-type=\"widget\" data-settings=\"{&quot;htmega_fe&quot;:&quot;no&quot;}\" data-widget_type=\"text-editor.default\">\n\t\t\t\t<div class=\"elementor-widget-container\">\n\t\t\t\t\t\t\t\t\t<p><strong>Nous agissons avec un haut degr\u00e9 de transparence et de responsabilit\u00e9 dans toutes nos actions.<\/strong><\/p>\t\t\t\t\t\t\t\t<\/div>\n\t\t\t\t<\/div>\n\t\t\t\t<div class=\"elementor-element elementor-element-8a51333 elementor-widget elementor-widget-text-editor\" data-id=\"8a51333\" data-element_type=\"widget\" data-e-type=\"widget\" data-settings=\"{&quot;htmega_fe&quot;:&quot;no&quot;}\" data-widget_type=\"text-editor.default\">\n\t\t\t\t<div class=\"elementor-widget-container\">\n\t\t\t\t\t\t\t\t\t<p>Nous nous effor\u00e7ons d'\u00eatre une organisation digne de confiance, en g\u00e9rant nos ressources de mani\u00e8re \u00e9thique et en rendant des comptes \u00e0 nos communaut\u00e9s et \u00e0 nos partenaires. La transparence de nos op\u00e9rations et de nos d\u00e9cisions est essentielle pour conserver la confiance et le soutien de ceux que nous servons.<\/p>\t\t\t\t\t\t\t\t<\/div>\n\t\t\t\t<\/div>\n\t\t\t\t\t<\/div>\n\t\t\t\t<\/div>\n\t\t\t\t\t<\/div>\n\t\t<\/div>\n\t\t\t\t\t\t<\/div>\n\t\t\t\t<\/div>\n\t\t\t\t\t<\/div>\n\t\t\t\t<\/div>\n\t\t<div class=\"elementor-element elementor-element-6c91c27 e-flex e-con-boxed e-con e-parent\" data-id=\"6c91c27\" data-element_type=\"container\" data-e-type=\"container\" data-settings=\"{&quot;background_background&quot;:&quot;classic&quot;}\">\n\t\t\t\t\t<div class=\"e-con-inner\">\n\t\t<div class=\"elementor-element elementor-element-36d8e57 e-con-full e-flex e-con e-child\" data-id=\"36d8e57\" data-element_type=\"container\" data-e-type=\"container\" data-settings=\"{&quot;background_background&quot;:&quot;classic&quot;}\">\n\t\t\t\t<div class=\"elementor-element elementor-element-ffd0754 elementor-widget elementor-widget-image\" data-id=\"ffd0754\" data-element_type=\"widget\" data-e-type=\"widget\" data-settings=\"{&quot;htmega_fe&quot;:&quot;no&quot;}\" data-widget_type=\"image.default\">\n\t\t\t\t<div class=\"elementor-widget-container\">\n\t\t\t\t\t\t\t\t\t\t\t\t\t\t\t<img fetchpriority=\"high\" decoding=\"async\" width=\"508\" height=\"521\" src=\"https:\/\/europeaninstituterch.com\/wp-content\/uploads\/2024\/09\/logo-IECRC_cuadrado-1.png\" class=\"attachment-full size-full wp-image-509\" alt=\"\" srcset=\"https:\/\/europeaninstituterch.com\/wp-content\/uploads\/2024\/09\/logo-IECRC_cuadrado-1.png 508w, https:\/\/europeaninstituterch.com\/wp-content\/uploads\/2024\/09\/logo-IECRC_cuadrado-1-293x300.png 293w\" sizes=\"(max-width: 508px) 100vw, 508px\" \/>\t\t\t\t\t\t\t\t\t\t\t\t\t\t\t<\/div>\n\t\t\t\t<\/div>\n\t\t\t\t<\/div>\n\t\t<div class=\"elementor-element elementor-element-f952426 e-con-full e-flex e-con e-child\" data-id=\"f952426\" data-element_type=\"container\" data-e-type=\"container\" data-settings=\"{&quot;background_background&quot;:&quot;classic&quot;}\">\n\t\t\t\t<div class=\"elementor-element elementor-element-566c20a elementor-widget elementor-widget-text-editor\" data-id=\"566c20a\" data-element_type=\"widget\" data-e-type=\"widget\" data-settings=\"{&quot;htmega_fe&quot;:&quot;no&quot;}\" data-widget_type=\"text-editor.default\">\n\t\t\t\t<div class=\"elementor-widget-container\">\n\t\t\t\t\t\t\t\t\t<p>Renforcer la paix par le dialogue<\/p>\t\t\t\t\t\t\t\t<\/div>\n\t\t\t\t<\/div>\n\t\t\t\t<\/div>\n\t\t\t\t\t<\/div>\n\t\t\t\t<\/div>\n\t\t<div class=\"elementor-element elementor-element-972b076 e-con-full e-flex e-con e-parent\" data-id=\"972b076\" data-element_type=\"container\" data-e-type=\"container\" data-settings=\"{&quot;background_background&quot;:&quot;classic&quot;}\">\n\t\t<div class=\"elementor-element elementor-element-7a45af3 e-flex e-con-boxed e-con e-child\" data-id=\"7a45af3\" data-element_type=\"container\" data-e-type=\"container\" data-settings=\"{&quot;background_background&quot;:&quot;video&quot;}\">\n\t\t\t\t\t<div class=\"e-con-inner\">\n\t\t\t\t<div class=\"elementor-element elementor-element-d019f87 elementor-widget elementor-widget-heading\" data-id=\"d019f87\" data-element_type=\"widget\" data-e-type=\"widget\" data-settings=\"{&quot;htmega_fe&quot;:&quot;no&quot;}\" data-widget_type=\"heading.default\">\n\t\t\t\t<div class=\"elementor-widget-container\">\n\t\t\t\t\t<h2 class=\"elementor-heading-title elementor-size-default\">Besoin de plus d'informations ?<\/h2>\t\t\t\t<\/div>\n\t\t\t\t<\/div>\n\t\t\t\t<div class=\"elementor-element elementor-element-28f3970 elementor-widget-divider--view-line elementor-widget elementor-widget-divider\" data-id=\"28f3970\" data-element_type=\"widget\" data-e-type=\"widget\" data-settings=\"{&quot;htmega_fe&quot;:&quot;no&quot;}\" data-widget_type=\"divider.default\">\n\t\t\t\t<div class=\"elementor-widget-container\">\n\t\t\t\t\t\t\t<div class=\"elementor-divider\">\n\t\t\t<span class=\"elementor-divider-separator\">\n\t\t\t\t\t\t<\/span>\n\t\t<\/div>\n\t\t\t\t\t\t<\/div>\n\t\t\t\t<\/div>\n\t\t\t\t<div class=\"elementor-element elementor-element-f168521 elementor-widget elementor-widget-heading\" data-id=\"f168521\" data-element_type=\"widget\" data-e-type=\"widget\" data-settings=\"{&quot;htmega_fe&quot;:&quot;no&quot;}\" data-widget_type=\"heading.default\">\n\t\t\t\t<div class=\"elementor-widget-container\">\n\t\t\t\t\t<h2 class=\"elementor-heading-title elementor-size-default\">N'h\u00e9sitez pas \u00e0 nous contacter<\/h2>\t\t\t\t<\/div>\n\t\t\t\t<\/div>\n\t\t\t\t<div class=\"elementor-element elementor-element-d49cce1 elementor-widget-divider--view-line elementor-widget elementor-widget-divider\" data-id=\"d49cce1\" data-element_type=\"widget\" data-e-type=\"widget\" data-settings=\"{&quot;htmega_fe&quot;:&quot;no&quot;}\" data-widget_type=\"divider.default\">\n\t\t\t\t<div class=\"elementor-widget-container\">\n\t\t\t\t\t\t\t<div class=\"elementor-divider\">\n\t\t\t<span class=\"elementor-divider-separator\">\n\t\t\t\t\t\t<\/span>\n\t\t<\/div>\n\t\t\t\t\t\t<\/div>\n\t\t\t\t<\/div>\n\t\t\t\t<div class=\"elementor-element elementor-element-1d0f407 elementor-tablet-align-center elementor-align-justify elementor-widget elementor-widget-button\" data-id=\"1d0f407\" data-element_type=\"widget\" data-e-type=\"widget\" data-settings=\"{&quot;htmega_fe&quot;:&quot;no&quot;}\" data-widget_type=\"button.default\">\n\t\t\t\t<div class=\"elementor-widget-container\">\n\t\t\t\t\t\t\t\t\t<div class=\"elementor-button-wrapper\">\n\t\t\t\t\t<a class=\"elementor-button elementor-button-link elementor-size-md\" href=\"https:\/\/europeaninstituterch.com\/fr\/contact\/\">\n\t\t\t\t\t\t<span class=\"elementor-button-content-wrapper\">\n\t\t\t\t\t\t\t\t\t<span class=\"elementor-button-text\">Contactez nous<\/span>\n\t\t\t\t\t<\/span>\n\t\t\t\t\t<\/a>\n\t\t\t\t<\/div>\n\t\t\t\t\t\t\t\t<\/div>\n\t\t\t\t<\/div>\n\t\t\t\t\t<\/div>\n\t\t\t\t<\/div>\n\t\t\t\t<\/div>\n\t\t\t\t<\/div>","protected":false},"excerpt":{"rendered":"<p>Our values The basis of everything: our essence. Respect Inclusion Dialogue Peace Community engagement Innovation and creativity Transparency and accountability We value and respect all religious and cultural traditions, promoting the equality and dignity of all people. We believe that every individual, regardless of their background or beliefs, deserves to be treated with respect and [&hellip;]<\/p>\n","protected":false},"author":1,"featured_media":0,"parent":0,"menu_order":0,"comment_status":"closed","ping_status":"closed","template":"elementor_header_footer","meta":{"footnotes":""},"class_list":["post-257","page","type-page","status-publish","hentry"],"_links":{"self":[{"href":"https:\/\/europeaninstituterch.com\/fr\/wp-json\/wp\/v2\/pages\/257","targetHints":{"allow":["GET"]}}],"collection":[{"href":"https:\/\/europeaninstituterch.com\/fr\/wp-json\/wp\/v2\/pages"}],"about":[{"href":"https:\/\/europeaninstituterch.com\/fr\/wp-json\/wp\/v2\/types\/page"}],"author":[{"embeddable":true,"href":"https:\/\/europeaninstituterch.com\/fr\/wp-json\/wp\/v2\/users\/1"}],"replies":[{"embeddable":true,"href":"https:\/\/europeaninstituterch.com\/fr\/wp-json\/wp\/v2\/comments?post=257"}],"version-history":[{"count":0,"href":"https:\/\/europeaninstituterch.com\/fr\/wp-json\/wp\/v2\/pages\/257\/revisions"}],"wp:attachment":[{"href":"https:\/\/europeaninstituterch.com\/fr\/wp-json\/wp\/v2\/media?parent=257"}],"curies":[{"name":"wp","href":"https:\/\/api.w.org\/{rel}","templated":true}]}}